{"id":21248502,"date":"2025-01-02T10:17:09","date_gmt":"2025-01-02T09:17:09","guid":{"rendered":"https:\/\/karriere-polizei.hamburg.de\/zb\/?page_id=21248502"},"modified":"2025-09-28T14:13:04","modified_gmt":"2025-09-28T12:13:04","slug":"ueber-uns","status":"publish","type":"page","link":"https:\/\/karriere-polizei.hamburg.de\/zb\/ueber-uns\/","title":{"rendered":"\u00dcber uns"},"content":{"rendered":"<p>[et_pb_section fb_built=&#8220;1&#8243; disabled_on=&#8220;on|on|on&#8220; admin_label=&#8220;Header&#8220; module_class=&#8220;header_background_kripo&#8220; _builder_version=&#8220;4.27.4&#8243; _module_preset=&#8220;default&#8220; background_color=&#8220;gcid-2eef4835-fc7f-4e8d-b0d5-649e740408da&#8220; background_image=&#8220;https:\/\/karriere-polizei.hamburg.de\/zb\/wp-content\/uploads\/2024\/05\/Balken_Gelb_Schutz.svg&#8220; background_position=&#8220;top_center&#8220; transform_scale_tablet=&#8220;&#8220; transform_scale_phone=&#8220;&#8220; transform_scale_last_edited=&#8220;on|desktop&#8220; transform_translate_tablet=&#8220;&#8220; transform_translate_phone=&#8220;&#8220; transform_translate_last_edited=&#8220;on|tablet&#8220; transform_rotate_tablet=&#8220;&#8220; transform_rotate_phone=&#8220;&#8220; transform_rotate_last_edited=&#8220;on|tablet&#8220; transform_skew_tablet=&#8220;&#8220; transform_skew_phone=&#8220;&#8220; transform_skew_last_edited=&#8220;on|tablet&#8220; transform_origin_tablet=&#8220;&#8220; transform_origin_phone=&#8220;&#8220; transform_origin_last_edited=&#8220;on|tablet&#8220; transform_styles_last_edited=&#8220;on|desktop&#8220; horizontal_offset=&#8220;0px&#8220; z_index=&#8220;1&#8243; custom_padding=&#8220;1em||4em||false|false&#8220; background_last_edited=&#8220;on|tablet&#8220; background_enable_image_phone=&#8220;off&#8220; background_size_tablet=&#8220;custom&#8220; background_image_width_tablet=&#8220;100%&#8220; background_image_height_tablet=&#8220;89%&#8220; background_position_tablet=&#8220;bottom_center&#8220; transform_styles_tablet=&#8220;&#8220; transform_styles_phone=&#8220;&#8220; da_disable_devices=&#8220;off|off|off&#8220; disabled=&#8220;on&#8220; global_colors_info=&#8220;{%22gcid-2eef4835-fc7f-4e8d-b0d5-649e740408da%22:%91%22background_color%22,%22background_color%22%93}&#8220; transform_styles__hover_enabled=&#8220;on|desktop&#8220; transform_scale__hover_enabled=&#8220;on|desktop&#8220; transform_translate__hover_enabled=&#8220;on|desktop&#8220; transform_rotate__hover_enabled=&#8220;on|desktop&#8220; transform_skew__hover_enabled=&#8220;on|desktop&#8220; transform_origin__hover_enabled=&#8220;on|desktop&#8220; da_is_popup=&#8220;off&#8220; da_exit_intent=&#8220;off&#8220; da_has_close=&#8220;on&#8220; da_alt_close=&#8220;off&#8220; da_dark_close=&#8220;off&#8220; da_not_modal=&#8220;on&#8220; da_is_singular=&#8220;off&#8220; da_with_loader=&#8220;off&#8220; da_has_shadow=&#8220;on&#8220;][et_pb_row _builder_version=&#8220;4.27.4&#8243; _module_preset=&#8220;default&#8220; width=&#8220;100%&#8220; custom_margin=&#8220;5em||||false|false&#8220; border_width_all=&#8220;4px&#8220; border_color_all=&#8220;#d6df2a&#8220; global_colors_info=&#8220;{}&#8220;][et_pb_column type=&#8220;4_4&#8243; _builder_version=&#8220;4.27.4&#8243; _module_preset=&#8220;default&#8220; global_colors_info=&#8220;{}&#8220;][et_pb_image src=&#8220;https:\/\/karriere-polizei.hamburg.de\/zb\/wp-content\/uploads\/2025\/09\/Ueber-uns_v3.png&#8220; title_text=&#8220;\u00dcber uns_v3&#8243; align=&#8220;center&#8220; _builder_version=&#8220;4.27.4&#8243; _module_preset=&#8220;default&#8220; background_enable_image=&#8220;off&#8220; background_size=&#8220;contain&#8220; background_position=&#8220;bottom_center&#8220; background_vertical_offset=&#8220;6%&#8220; transform_scale=&#8220;187%|187%&#8220; transform_translate=&#8220;2px|83px&#8220; width=&#8220;50%&#8220; custom_margin=&#8220;||||false|false&#8220; border_width_all=&#8220;15px&#8220; border_color_all=&#8220;RGBA(255,255,255,0)&#8220; global_colors_info=&#8220;{}&#8220;][\/et_pb_image][et_pb_heading title=&#8220;\u00dcber uns&#8220; admin_label=&#8220;\u00dcberschrift H1&#8243; _builder_version=&#8220;4.27.4&#8243; _module_preset=&#8220;default&#8220; title_text_align=&#8220;center&#8220; title_text_color=&#8220;#d5de2b&#8220; title_font_size=&#8220;100px&#8220; background_enable_color=&#8220;off&#8220; transform_translate_linked=&#8220;off&#8220; custom_margin=&#8220;||||false|false&#8220; custom_padding=&#8220;20em||||false|false&#8220; custom_padding_tablet=&#8220;10em||||false|false&#8220; custom_padding_phone=&#8220;0em||||false|false&#8220; custom_padding_last_edited=&#8220;on|tablet&#8220; global_colors_info=&#8220;{}&#8220;][\/et_pb_heading][\/et_pb_column][\/et_pb_row][\/et_pb_section][et_pb_section fb_built=&#8220;1&#8243; admin_label=&#8220;Section&#8220; _builder_version=&#8220;4.27.4&#8243; _module_preset=&#8220;default&#8220; background_color=&#8220;gcid-2eef4835-fc7f-4e8d-b0d5-649e740408da&#8220; background_image=&#8220;https:\/\/karriere-polizei.hamburg.de\/zb\/wp-content\/uploads\/2024\/05\/Balken_Gelb_Schutz.png&#8220; transform_scale_tablet=&#8220;&#8220; transform_scale_phone=&#8220;&#8220; transform_scale_last_edited=&#8220;on|desktop&#8220; transform_translate_tablet=&#8220;&#8220; transform_translate_phone=&#8220;&#8220; transform_translate_last_edited=&#8220;on|tablet&#8220; transform_rotate_tablet=&#8220;&#8220; transform_rotate_phone=&#8220;&#8220; transform_rotate_last_edited=&#8220;on|tablet&#8220; transform_skew_tablet=&#8220;&#8220; transform_skew_phone=&#8220;&#8220; transform_skew_last_edited=&#8220;on|tablet&#8220; transform_origin_tablet=&#8220;&#8220; transform_origin_phone=&#8220;&#8220; transform_origin_last_edited=&#8220;on|tablet&#8220; transform_styles_last_edited=&#8220;on|desktop&#8220; horizontal_offset=&#8220;0px&#8220; z_index=&#8220;1&#8243; custom_margin=&#8220;0px||||false|false&#8220; custom_padding=&#8220;0px||12em||false|false&#8220; background_last_edited=&#8220;on|tablet&#8220; background_enable_image_phone=&#8220;off&#8220; background_size_tablet=&#8220;custom&#8220; background_image_width_tablet=&#8220;100%&#8220; background_image_height_tablet=&#8220;89%&#8220; background_position_tablet=&#8220;bottom_center&#8220; transform_styles_tablet=&#8220;&#8220; transform_styles_phone=&#8220;&#8220; custom_css_main_element=&#8220;width:100vw;||overflow:hidden;&#8220; da_disable_devices=&#8220;off|off|off&#8220; global_colors_info=&#8220;{%22gcid-2eef4835-fc7f-4e8d-b0d5-649e740408da%22:%91%22background_color%22,%22background_color%22%93}&#8220; transform_styles__hover_enabled=&#8220;on|desktop&#8220; transform_scale__hover_enabled=&#8220;on|desktop&#8220; transform_translate__hover_enabled=&#8220;on|desktop&#8220; transform_rotate__hover_enabled=&#8220;on|desktop&#8220; transform_skew__hover_enabled=&#8220;on|desktop&#8220; transform_origin__hover_enabled=&#8220;on|desktop&#8220; custom_css_before_last_edited=&#8220;on|tablet&#8220; da_is_popup=&#8220;off&#8220; da_exit_intent=&#8220;off&#8220; da_has_close=&#8220;on&#8220; da_alt_close=&#8220;off&#8220; da_dark_close=&#8220;off&#8220; da_not_modal=&#8220;on&#8220; da_is_singular=&#8220;off&#8220; da_with_loader=&#8220;off&#8220; da_has_shadow=&#8220;on&#8220;][et_pb_row admin_label=&#8220;Zeile&#8220; _builder_version=&#8220;4.27.4&#8243; _module_preset=&#8220;default&#8220; width=&#8220;90%&#8220; custom_margin=&#8220;7em||7em||true|false&#8220; animation_style=&#8220;fade&#8220; custom_css_before=&#8220;content: &#8220;;||position: absolute;||top: 0px; ||left: 0; ||width: calc(100%);||height: calc(100%); ||border: 4px solid #D6DF2A; ||pointer-events: none; ||box-sizing: border-box;||z-index: 11;&#8220; global_colors_info=&#8220;{}&#8220; custom_css_before_last_edited=&#8220;on|desktop&#8220; custom_css_before_tablet=&#8220;content: &#8220;;||position: absolute;||top: 0px; ||left: 0; ||width: calc(100%);||height: calc(100%); ||border: 4px solid #D6DF2A; ||pointer-events: none; ||box-sizing: border-box;||z-index: 11;&#8220; custom_css_before_phone=&#8220;content: &#8220;;||position: absolute;||top: 0px; ||left: 0; ||width: calc(100%);||height: calc(100%); ||border: 4px solid #D6DF2A; ||pointer-events: none; ||box-sizing: border-box;||z-index: 11;&#8220;][et_pb_column type=&#8220;4_4&#8243; admin_label=&#8220;Spalte&#8220; _builder_version=&#8220;4.27.4&#8243; _module_preset=&#8220;default&#8220; custom_padding=&#8220;3em||||false|false&#8220; border_color_all=&#8220;#d6df29&#8243; global_colors_info=&#8220;{}&#8220; custom_css_before_last_edited=&#8220;on|phone&#8220;][et_pb_heading title=&#8220;\u00dcber uns&#8220; admin_label=&#8220;\u00dcberschrift H1&#8243; _builder_version=&#8220;4.27.4&#8243; _module_preset=&#8220;default&#8220; title_text_align=&#8220;center&#8220; title_text_color=&#8220;#EDF000&#8243; title_font_size=&#8220;10em&#8220; transform_translate=&#8220;0px|-4em&#8220; transform_translate_linked=&#8220;off&#8220; custom_margin=&#8220;||||false|false&#8220; title_font_size_tablet=&#8220;8em&#8220; title_font_size_phone=&#8220;6em&#8220; title_font_size_last_edited=&#8220;on|phone&#8220; global_colors_info=&#8220;{}&#8220;][\/et_pb_heading][et_pb_image src=&#8220;https:\/\/karriere-polizei.hamburg.de\/zb\/wp-content\/uploads\/2025\/09\/Ueber-uns_v3-1.png&#8220; title_text=&#8220;Ueber-uns_v3&#8243; show_bottom_space=&#8220;off&#8220; align=&#8220;center&#8220; src_tablet=&#8220;https:\/\/karriere-polizei.hamburg.de\/zb\/wp-content\/uploads\/2025\/06\/Deine-Bewerbung_neu.png&#8220; src_phone=&#8220;https:\/\/karriere-polizei.hamburg.de\/zb\/wp-content\/uploads\/2025\/06\/Deine-Bewerbung_neu.png&#8220; src_last_edited=&#8220;off|desktop&#8220; admin_label=&#8220;Bild&#8220; _builder_version=&#8220;4.27.4&#8243; _module_preset=&#8220;default&#8220; background_enable_image=&#8220;off&#8220; background_size=&#8220;contain&#8220; background_position=&#8220;bottom_center&#8220; background_vertical_offset=&#8220;6%&#8220; z_index=&#8220;-500&#8243; width_tablet=&#8220;100%&#8220; width_phone=&#8220;100%&#8220; width_last_edited=&#8220;off|desktop&#8220; custom_margin=&#8220;||||false|false&#8220; custom_margin_tablet=&#8220;7em||7em||false|false&#8220; custom_margin_phone=&#8220;7em||7em||false|false&#8220; custom_margin_last_edited=&#8220;off|desktop&#8220; custom_padding=&#8220;||||false|false&#8220; background_last_edited=&#8220;off|phone&#8220; background_enable_image_phone=&#8220;on&#8220; background_size_phone=&#8220;cover&#8220; global_colors_info=&#8220;{}&#8220; custom_css_before_last_edited=&#8220;on|phone&#8220;][\/et_pb_image][\/et_pb_column][\/et_pb_row][\/et_pb_section][et_pb_section fb_built=&#8220;1&#8243; admin_label=&#8220;1. Abschnitt&#8220; _builder_version=&#8220;4.24.0&#8243; _module_preset=&#8220;default&#8220; background_color=&#8220;#FFFFFF&#8220; da_disable_devices=&#8220;off|off|off&#8220; global_colors_info=&#8220;{}&#8220; da_is_popup=&#8220;off&#8220; da_exit_intent=&#8220;off&#8220; da_has_close=&#8220;on&#8220; da_alt_close=&#8220;off&#8220; da_dark_close=&#8220;off&#8220; da_not_modal=&#8220;on&#8220; da_is_singular=&#8220;off&#8220; da_with_loader=&#8220;off&#8220; da_has_shadow=&#8220;on&#8220;][et_pb_row _builder_version=&#8220;4.27.4&#8243; _module_preset=&#8220;default&#8220; custom_padding=&#8220;3em|3em|3em|3em|true|true&#8220; border_width_all=&#8220;3px&#8220; border_color_all=&#8220;#d6df2a&#8220; global_colors_info=&#8220;{}&#8220;][et_pb_column type=&#8220;4_4&#8243; _builder_version=&#8220;4.27.0&#8243; _module_preset=&#8220;default&#8220; global_colors_info=&#8220;{}&#8220;][et_pb_text _builder_version=&#8220;4.27.4&#8243; _module_preset=&#8220;default&#8220; text_text_color=&#8220;gcid-2eef4835-fc7f-4e8d-b0d5-649e740408da&#8220; width_tablet=&#8220;&#8220; width_phone=&#8220;100%&#8220; width_last_edited=&#8220;on|phone&#8220; custom_margin=&#8220;0em||||false|false&#8220; custom_margin_tablet=&#8220;||||false|false&#8220; custom_margin_phone=&#8220;0em||||false|false&#8220; custom_margin_last_edited=&#8220;on|tablet&#8220; hover_enabled=&#8220;0&#8243; global_colors_info=&#8220;{%22gcid-2eef4835-fc7f-4e8d-b0d5-649e740408da%22:%91%22text_text_color%22%93}&#8220; sticky_enabled=&#8220;0&#8243;]<\/p>\n<p class=\"p1\"><strong>Die Polizei Hamburg ist weitaus mehr als nur Uniform.<\/strong><\/p>\n<p class=\"p1\">Mit 9 Organisationseinheiten und mehr als 70 Berufsgruppen verf\u00fcgt die Polizei Hamburg mit ihren rund 11.500 Mitarbeitenden \u00fcber eine weite Spanne an Expertinnen und Experten aus den verschiedensten Bereichen.<\/p>\n<p class=\"p2\">In der Verwaltung bieten sich neben dem Polizeivollzug vielf\u00e4ltige<span class=\"s1\"><strong> Karrierechancen f\u00fcr Fachkr\u00e4fte<\/strong>, <\/span><span class=\"s1\">z.B.<\/span> in den Bereichen <strong><span class=\"s1\">HR, Finanzen, IT, Kommunikation und Medien<\/span><\/strong>. Ob als IT-Administrator*innen, Personalsachbearbeiter*innen oder im Mitarbeitende im Schreibdienst \u2013 die Aufgaben sind abwechslungsreich und der Arbeitsplatz ist krisensicher. <strong><span class=\"s1\">Quereinsteiger<\/span><\/strong> mit abgeschlossener Ausbildung oder Studium, z.B. in Verwaltung, Wirtschaft oder Psychologie, finden hier <strong><span class=\"s1\">spannende <\/span><span class=\"s1\">M\u00f6glichkeiten<\/span><\/strong>. Flexible Arbeitsmodelle wie Gleitzeit machen die Arbeit bei der Polizei Hamburg besonders attraktiv.<\/p>\n<p class=\"p2\">Mit unseren <strong>vollzugsnahen T\u00e4tigkeiten<\/strong>, z.B. als Angestellte im Polizeidienst (AIP), im Hundekontrolldienst, als Kriminalassistenz oder Transportfahrer bieten wir auch abwechslungsreiche Jobchancen, bei denen du nicht nur im B\u00fcro, sondern auch auf der Stra\u00dfe unterwegs bist.<\/p>\n<p>[\/et_pb_text][et_pb_text _builder_version=&#8220;4.27.4&#8243; _module_preset=&#8220;default&#8220; text_text_color=&#8220;gcid-2eef4835-fc7f-4e8d-b0d5-649e740408da&#8220; width_tablet=&#8220;&#8220; width_phone=&#8220;100%&#8220; width_last_edited=&#8220;on|phone&#8220; custom_margin=&#8220;||||false|false&#8220; custom_margin_tablet=&#8220;||||false|false&#8220; custom_margin_phone=&#8220;||||false|false&#8220; custom_margin_last_edited=&#8220;on|phone&#8220; hover_enabled=&#8220;0&#8243; global_colors_info=&#8220;{%22gcid-2eef4835-fc7f-4e8d-b0d5-649e740408da%22:%91%22text_text_color%22%93}&#8220; sticky_enabled=&#8220;0&#8243;]<\/p>\n<p class=\"p1\">Gemeinsam sorgen wir f\u00fcr ein sicheres Hamburg &#8211; weil Sicherheit unsere oberste Priorit\u00e4t ist.<\/p>\n<p class=\"p1\">Arbeite in einem <strong><span class=\"s1\">engagierten Team<\/span><\/strong> und trage dazu bei, Hamburg sicherer zu machen. Entdecke jetzt deine <strong><span class=\"s1\">Karrierechancen<\/span><\/strong> bei der Polizei Hamburg!<\/p>\n<p class=\"p1\">Sei auch du dabei und unterst\u00fctze uns mit deinem Wissen in folgenden Berufsfeldern:<\/p>\n<ul>\n<li class=\"p1\">Personal, Recht &amp; Organisation<\/li>\n<li class=\"p1\">IT &amp; technische Berufe<\/li>\n<li class=\"p1\">Ermittlungsnahe Berufe<\/li>\n<li class=\"p1\">Finanzen &amp; Controlling<\/li>\n<li class=\"p1\">Labor &amp; Forensik<\/li>\n<li class=\"p1\">Medizin und Gesundheit<\/li>\n<li class=\"p1\">Medien und Kommunikation<\/li>\n<li class=\"p1\">Verkehr und Auswertung<\/li>\n<li class=\"p1\">Transport und Logistik<\/li>\n<li class=\"p1\">Wissenschaft und Lehre<\/li>\n<li class=\"p1\">weitere Berufe<\/li>\n<\/ul>\n<p class=\"p1\">Informiere dich jetzt und bewirb dich!<\/p>\n<p>[\/et_pb_text][et_pb_button button_url=&#8220;https:\/\/karriere-polizei.hamburg.de\/zb\/stellen-angebote\/&#8220; button_text=&#8220;Offene Stellenangebote&#8220; button_alignment=&#8220;center&#8220; _builder_version=&#8220;4.27.4&#8243; _module_preset=&#8220;default&#8220; custom_button=&#8220;on&#8220; button_text_size=&#8220;2.5em&#8220; button_text_color=&#8220;#000000&#8243; button_bg_color=&#8220;#dfdf50&#8243; button_bg_enable_image=&#8220;off&#8220; button_border_width=&#8220;3px&#8220; button_border_color=&#8220;RGBA(255,255,255,0)&#8220; button_border_radius=&#8220;0px&#8220; button_icon=&#8220;&#x39;||divi||400&#8243; button_icon_color=&#8220;#000000&#8243; button_on_hover=&#8220;off&#8220; hover_enabled=&#8220;0&#8243; global_colors_info=&#8220;{%22gcid-b7d09f89-badf-4960-9808-a400faca2afd%22:%91%22button_text_color%22,%22button_icon_color%22%93}&#8220; button_bg_color__hover_enabled=&#8220;on|hover&#8220; button_bg_color__hover=&#8220;#c3c31a&#8220; button_bg_enable_color__hover=&#8220;on&#8220; button_text_size_last_edited=&#8220;on|phone&#8220; sticky_enabled=&#8220;0&#8243; button_text_size_phone=&#8220;2em&#8220; custom_padding=&#8220;0px||0px||false|false&#8220; button_text_size_tablet=&#8220;2.5em&#8220;][\/et_pb_button][\/et_pb_column][\/et_pb_row][\/et_pb_section]<\/p>\n","protected":false},"excerpt":{"rendered":"<p>Die Polizei Hamburg ist weitaus mehr als nur Uniform. Mit 9 Organisationseinheiten und mehr als 70 Berufsgruppen verf\u00fcgt die Polizei Hamburg mit ihren rund 11.500 Mitarbeitenden \u00fcber eine weite Spanne an Expertinnen und Experten aus den verschiedensten Bereichen. In der Verwaltung bieten sich neben dem Polizeivollzug vielf\u00e4ltige Karrierechancen f\u00fcr Fachkr\u00e4fte, z.B. in den Bereichen HR, [&hellip;]<\/p>\n","protected":false},"author":1,"featured_media":0,"parent":0,"menu_order":0,"comment_status":"closed","ping_status":"closed","template":"","meta":{"_et_pb_use_builder":"on","_et_pb_old_content":"","_et_gb_content_width":"","footnotes":""},"class_list":["post-21248502","page","type-page","status-publish","hentry"],"_links":{"self":[{"href":"https:\/\/karriere-polizei.hamburg.de\/zb\/wp-json\/wp\/v2\/pages\/21248502","targetHints":{"allow":["GET"]}}],"collection":[{"href":"https:\/\/karriere-polizei.hamburg.de\/zb\/wp-json\/wp\/v2\/pages"}],"about":[{"href":"https:\/\/karriere-polizei.hamburg.de\/zb\/wp-json\/wp\/v2\/types\/page"}],"author":[{"embeddable":true,"href":"https:\/\/karriere-polizei.hamburg.de\/zb\/wp-json\/wp\/v2\/users\/1"}],"replies":[{"embeddable":true,"href":"https:\/\/karriere-polizei.hamburg.de\/zb\/wp-json\/wp\/v2\/comments?post=21248502"}],"version-history":[{"count":18,"href":"https:\/\/karriere-polizei.hamburg.de\/zb\/wp-json\/wp\/v2\/pages\/21248502\/revisions"}],"predecessor-version":[{"id":21250168,"href":"https:\/\/karriere-polizei.hamburg.de\/zb\/wp-json\/wp\/v2\/pages\/21248502\/revisions\/21250168"}],"wp:attachment":[{"href":"https:\/\/karriere-polizei.hamburg.de\/zb\/wp-json\/wp\/v2\/media?parent=21248502"}],"curies":[{"name":"wp","href":"https:\/\/api.w.org\/{rel}","templated":true}]}}